{"id":22,"date":"2024-04-08T20:02:29","date_gmt":"2024-04-08T20:02:29","guid":{"rendered":"https:\/\/dronsair.com\/?page_id=22"},"modified":"2024-04-09T22:18:14","modified_gmt":"2024-04-09T22:18:14","slug":"elementor-22","status":"publish","type":"page","link":"https:\/\/dronsair.com\/index.php\/elementor-22\/","title":{"rendered":"Elementor #22"},"content":{"rendered":"\t\t<div data-elementor-type=\"wp-page\" data-elementor-id=\"22\" class=\"elementor elementor-22\">\n\t\t\t\t<div class=\"elementor-element elementor-element-60c76fb e-con-full e-flex e-con e-parent\" data-id=\"60c76fb\" data-element_type=\"container\" data-settings=\"{&quot;background_background&quot;:&quot;classic&quot;}\" data-core-v316-plus=\"true\">\n\t\t\t\t<div class=\"elementor-element elementor-element-1823afd elementor-widget-mobile__width-inherit elementor-widget elementor-widget-eael-advanced-data-table\" data-id=\"1823afd\" data-element_type=\"widget\" data-widget_type=\"eael-advanced-data-table.default\">\n\t\t\t\t<div class=\"elementor-widget-container\">\n\t\t\t<div class=\"ea-advanced-data-table-wrap\" data-id=\"1823afd\"><div class=\"ea-advanced-data-table-wrap-inner\">\n                <table class=\"ea-advanced-data-table ea-advanced-data-table-ninja ea-advanced-data-table-1823afd\" data-id=\"1823afd\"><tbody><tr><td>001<\/td><td>Solo<\/td><td>$5500<\/td><\/tr><tr><td>002<\/td><td>Con queso<\/td><td>$5800<\/td><\/tr><tr><td>003<\/td><td>Con jam\u00f3n y queso<\/td><td>$6100<\/td><\/tr><tr><td>004<\/td><td>Con jam\u00f3n, queso y cebolla<\/td><td>$6300<\/td><\/tr><tr><td>005<\/td><td>Con jam\u00f3n, queso y tomate<\/td><td>$6300<\/td><\/tr><tr><td>006<\/td><td>Con jam\u00f3n, queso, tomate y lechuga<\/td><td>$6600<\/td><\/tr><tr><td>007<\/td><td>Con jam\u00f3n, queso, tomate y aj\u00ed<\/td><td>$6800<\/td><\/tr><tr><td>008<\/td><td>Con jam\u00f3n, queso, tomate y huevo a la plancha<\/td><td>$6800<\/td><\/tr><\/tbody><\/table>\n            <\/div><\/div>\t\t<\/div>\n\t\t\t\t<\/div>\n\t\t\t\t<\/div>\n\t\t\t\t<\/div>\n\t\t","protected":false},"excerpt":{"rendered":"<p>001 Solo $5500 002 Con queso $5800 003 Con jam\u00f3n y queso $6100 004 Con jam\u00f3n, queso y cebolla $6300 005 Con jam\u00f3n, queso y tomate $6300 006 Con jam\u00f3n, queso, tomate y lechuga $6600 007 Con jam\u00f3n, queso, tomate y aj\u00ed $6800 008 Con jam\u00f3n, queso, tomate y huevo a la plancha $6800<\/p>\n","protected":false},"author":1,"featured_media":0,"parent":0,"menu_order":0,"comment_status":"closed","ping_status":"closed","template":"","meta":{"footnotes":""},"class_list":["post-22","page","type-page","status-publish","hentry"],"_links":{"self":[{"href":"https:\/\/dronsair.com\/index.php\/wp-json\/wp\/v2\/pages\/22","targetHints":{"allow":["GET"]}}],"collection":[{"href":"https:\/\/dronsair.com\/index.php\/wp-json\/wp\/v2\/pages"}],"about":[{"href":"https:\/\/dronsair.com\/index.php\/wp-json\/wp\/v2\/types\/page"}],"author":[{"embeddable":true,"href":"https:\/\/dronsair.com\/index.php\/wp-json\/wp\/v2\/users\/1"}],"replies":[{"embeddable":true,"href":"https:\/\/dronsair.com\/index.php\/wp-json\/wp\/v2\/comments?post=22"}],"version-history":[{"count":46,"href":"https:\/\/dronsair.com\/index.php\/wp-json\/wp\/v2\/pages\/22\/revisions"}],"predecessor-version":[{"id":75,"href":"https:\/\/dronsair.com\/index.php\/wp-json\/wp\/v2\/pages\/22\/revisions\/75"}],"wp:attachment":[{"href":"https:\/\/dronsair.com\/index.php\/wp-json\/wp\/v2\/media?parent=22"}],"curies":[{"name":"wp","href":"https:\/\/api.w.org\/{rel}","templated":true}]}}